{"id":6,"date":"2022-04-07T21:37:45","date_gmt":"2022-04-07T19:37:45","guid":{"rendered":"https:\/\/gfth.dk\/?page_id=6"},"modified":"2026-02-22T11:21:51","modified_gmt":"2026-02-22T10:21:51","slug":"velkommen-til-grundejerforeningen-tjoernehaven","status":"publish","type":"page","link":"https:\/\/gfth.dk\/?page_id=6","title":{"rendered":"Historie"},"content":{"rendered":"\t\t<div data-elementor-type=\"wp-page\" data-elementor-id=\"6\" class=\"elementor elementor-6\">\n\t\t\t\t\t\t\t\t\t<section class=\"elementor-section elementor-top-section elementor-element elementor-element-7f81a20e elementor-section-boxed elementor-section-height-default elementor-section-height-default wpr-particle-no wpr-jarallax-no wpr-parallax-no wpr-sticky-section-no\" data-id=\"7f81a20e\" data-element_type=\"section\">\n\t\t\t\t\t\t<div class=\"elementor-container elementor-column-gap-default\">\n\t\t\t\t\t<div class=\"elementor-column elementor-col-100 elementor-top-column elementor-element elementor-element-7c147fe0\" data-id=\"7c147fe0\" data-element_type=\"column\">\n\t\t\t<div class=\"elementor-widget-wrap elementor-element-populated\">\n\t\t\t\t\t\t\t\t<div class=\"elementor-element elementor-element-da67942 elementor-widget elementor-widget-text-editor\" data-id=\"da67942\" data-element_type=\"widget\" data-widget_type=\"text-editor.default\">\n\t\t\t\t<div class=\"elementor-widget-container\">\n\t\t\t<style>\/*! elementor - v3.11.1 - 15-02-2023 *\/\n.elementor-widget-text-editor.elementor-drop-cap-view-stacked .elementor-drop-cap{background-color:#818a91;color:#fff}.elementor-widget-text-editor.elementor-drop-cap-view-framed .elementor-drop-cap{color:#818a91;border:3px solid;background-color:transparent}.elementor-widget-text-editor:not(.elementor-drop-cap-view-default) .elementor-drop-cap{margin-top:8px}.elementor-widget-text-editor:not(.elementor-drop-cap-view-default) .elementor-drop-cap-letter{width:1em;height:1em}.elementor-widget-text-editor .elementor-drop-cap{float:left;text-align:center;line-height:1;font-size:50px}.elementor-widget-text-editor .elementor-drop-cap-letter{display:inline-block}<\/style>\t\t\t\t<!-- wp:image -->\n<figure class=\"wp-block-image\"><img alt=\"\" \/><\/figure>\n<!-- \/wp:image --><!-- wp:paragraph -->\n<p>Fra omkring 1940 var omr\u00e5det udlagt som gartneri og \u00e6bleplantage.<br \/>I 1962 p\u00e5begyndte man byggeriet, som vi i dag kender som Tj\u00f8rnehaven.<\/p>\n<!-- \/wp:paragraph --><!-- wp:paragraph -->\n<p>Indflytningen startede i 1965 og Grundejerforeningen Tj\u00f8rnehaven blev stiftet i December 1965.<\/p>\n<!-- \/wp:paragraph --><!-- wp:paragraph -->\n<p>Omr\u00e5det var dengang omgivet af en masse store tj\u00f8rn .. deraf navnet &#8216;Tj\u00f8rnehaven&#8217;. Vi har stadig en rest af disse tj\u00f8rn i den \u00f8stlige afgr\u00e6nsning af omr\u00e5det ind mod vandv\u00e6rksgrunden.<\/p>\n<!-- \/wp:group -->\t\t\t\t\t\t<\/div>\n\t\t\t\t<\/div>\n\t\t\t\t<div class=\"elementor-element elementor-element-d964d39 elementor-arrows-position-inside elementor-pagination-position-outside elementor-widget elementor-widget-image-carousel\" data-id=\"d964d39\" data-element_type=\"widget\" data-settings=\"{&quot;slides_to_show&quot;:&quot;1&quot;,&quot;navigation&quot;:&quot;both&quot;,&quot;autoplay&quot;:&quot;yes&quot;,&quot;pause_on_hover&quot;:&quot;yes&quot;,&quot;pause_on_interaction&quot;:&quot;yes&quot;,&quot;autoplay_speed&quot;:5000,&quot;infinite&quot;:&quot;yes&quot;,&quot;effect&quot;:&quot;slide&quot;,&quot;speed&quot;:500}\" data-widget_type=\"image-carousel.default\">\n\t\t\t\t<div class=\"elementor-widget-container\">\n\t\t\t<style>\/*! elementor - v3.11.1 - 15-02-2023 *\/\n.elementor-widget-image-carousel .swiper,.elementor-widget-image-carousel .swiper-container{position:static}.elementor-widget-image-carousel .swiper-container .swiper-slide figure,.elementor-widget-image-carousel .swiper .swiper-slide figure{line-height:inherit}.elementor-widget-image-carousel .swiper-slide{text-align:center}.elementor-image-carousel-wrapper:not(.swiper-container-initialized) .swiper-slide,.elementor-image-carousel-wrapper:not(.swiper-initialized) .swiper-slide{max-width:calc(100% \/ var(--e-image-carousel-slides-to-show, 3))}<\/style>\t\t<div class=\"elementor-image-carousel-wrapper swiper\" dir=\"ltr\">\n\t\t\t<div class=\"elementor-image-carousel swiper-wrapper\">\n\t\t\t\t\t\t\t\t<div class=\"swiper-slide\"><figure class=\"swiper-slide-inner\"><img decoding=\"async\" class=\"swiper-slide-image\" src=\"https:\/\/gfth.dk\/wp-content\/uploads\/2026\/02\/Tjoernehaven-1954.jpg\" alt=\"Oversigt 1954\" \/><figcaption class=\"elementor-image-carousel-caption\">Oversigt 1954<\/figcaption><\/figure><\/div><div class=\"swiper-slide\"><figure class=\"swiper-slide-inner\"><img decoding=\"async\" class=\"swiper-slide-image\" src=\"https:\/\/gfth.dk\/wp-content\/uploads\/2026\/02\/Tjoernehaven-1954-zoom.jpg\" alt=\"\u00c6bleplantage 1954 senere Tj\u00f8rnehaven\" \/><figcaption class=\"elementor-image-carousel-caption\">\u00c6bleplantage 1954 senere Tj\u00f8rnehaven<\/figcaption><\/figure><\/div><div class=\"swiper-slide\"><figure class=\"swiper-slide-inner\"><img decoding=\"async\" class=\"swiper-slide-image\" src=\"https:\/\/gfth.dk\/wp-content\/uploads\/2024\/12\/GFTH-1964-02.jpg\" alt=\"1965 N\u00e6\u00e6\u00e6sten f\u00e6rdige\" \/><figcaption class=\"elementor-image-carousel-caption\">1965 N\u00e6\u00e6\u00e6sten f\u00e6rdige<\/figcaption><\/figure><\/div><div class=\"swiper-slide\"><figure class=\"swiper-slide-inner\"><img decoding=\"async\" class=\"swiper-slide-image\" src=\"https:\/\/gfth.dk\/wp-content\/uploads\/2024\/12\/GFTH-1964-01.jpg\" alt=\"1965 N\u00e6\u00e6sten f\u00e6rdige\" \/><figcaption class=\"elementor-image-carousel-caption\">1965 N\u00e6\u00e6sten f\u00e6rdige<\/figcaption><\/figure><\/div><div class=\"swiper-slide\"><figure class=\"swiper-slide-inner\"><img decoding=\"async\" class=\"swiper-slide-image\" src=\"https:\/\/gfth.dk\/wp-content\/uploads\/2026\/02\/Tjoernehaven-2-1966.jpg\" alt=\"1966 Beboet med hyggelige haver\" \/><figcaption class=\"elementor-image-carousel-caption\">1966 Beboet med hyggelige haver<\/figcaption><\/figure><\/div><div class=\"swiper-slide\"><figure class=\"swiper-slide-inner\"><img decoding=\"async\" class=\"swiper-slide-image\" src=\"https:\/\/gfth.dk\/wp-content\/uploads\/2022\/10\/GFTH-Okt-2022.png\" alt=\"Luftfoto ca 2015\" \/><figcaption class=\"elementor-image-carousel-caption\">Luftfoto ca 2015<\/figcaption><\/figure><\/div>\t\t\t<\/div>\n\t\t\t\t\t\t\t\t\t\t\t\t<div class=\"swiper-pagination\"><\/div>\n\t\t\t\t\t\t\t\t\t\t\t\t\t<div class=\"elementor-swiper-button elementor-swiper-button-prev\">\n\t\t\t\t\t\t<i aria-hidden=\"true\" class=\"eicon-chevron-left\"><\/i>\t\t\t\t\t\t<span class=\"elementor-screen-only\">Forrige<\/span>\n\t\t\t\t\t<\/div>\n\t\t\t\t\t<div class=\"elementor-swiper-button elementor-swiper-button-next\">\n\t\t\t\t\t\t<i aria-hidden=\"true\" class=\"eicon-chevron-right\"><\/i>\t\t\t\t\t\t<span class=\"elementor-screen-only\">N\u00e6ste<\/span>\n\t\t\t\t\t<\/div>\n\t\t\t\t\t\t\t\t\t<\/div>\n\t\t\t\t<\/div>\n\t\t\t\t<\/div>\n\t\t\t\t\t<\/div>\n\t\t<\/div>\n\t\t\t\t\t\t\t<\/div>\n\t\t<\/section>\n\t\t\t\t\t\t\t<\/div>\n\t\t","protected":false},"excerpt":{"rendered":"<p>Fra omkring 1940 var omr\u00e5det udlagt som gartneri og \u00e6bleplantage.I 1962 p\u00e5begyndte man byggeriet, som vi i dag kender som Tj\u00f8rnehaven. Indflytningen startede i 1965 og Grundejerforeningen Tj\u00f8rnehaven blev stiftet i December 1965. Omr\u00e5det var dengang omgivet af en masse store tj\u00f8rn .. deraf navnet &#8216;Tj\u00f8rnehaven&#8217;. Vi har stadig en rest af disse tj\u00f8rn i [&hellip;]<\/p>\n","protected":false},"author":2,"featured_media":0,"parent":0,"menu_order":0,"comment_status":"closed","ping_status":"closed","template":"","meta":{"footnotes":""},"class_list":["post-6","page","type-page","status-publish","hentry"],"_links":{"self":[{"href":"https:\/\/gfth.dk\/index.php?rest_route=\/wp\/v2\/pages\/6","targetHints":{"allow":["GET"]}}],"collection":[{"href":"https:\/\/gfth.dk\/index.php?rest_route=\/wp\/v2\/pages"}],"about":[{"href":"https:\/\/gfth.dk\/index.php?rest_route=\/wp\/v2\/types\/page"}],"author":[{"embeddable":true,"href":"https:\/\/gfth.dk\/index.php?rest_route=\/wp\/v2\/users\/2"}],"replies":[{"embeddable":true,"href":"https:\/\/gfth.dk\/index.php?rest_route=%2Fwp%2Fv2%2Fcomments&post=6"}],"version-history":[{"count":19,"href":"https:\/\/gfth.dk\/index.php?rest_route=\/wp\/v2\/pages\/6\/revisions"}],"predecessor-version":[{"id":510,"href":"https:\/\/gfth.dk\/index.php?rest_route=\/wp\/v2\/pages\/6\/revisions\/510"}],"wp:attachment":[{"href":"https:\/\/gfth.dk\/index.php?rest_route=%2Fwp%2Fv2%2Fmedia&parent=6"}],"curies":[{"name":"wp","href":"https:\/\/api.w.org\/{rel}","templated":true}]}}