{"id":55,"date":"2025-02-26T16:00:18","date_gmt":"2025-02-26T15:00:18","guid":{"rendered":"https:\/\/gfth.dk\/?page_id=55"},"modified":"2026-03-20T11:02:58","modified_gmt":"2026-03-20T10:02:58","slug":"nyt-i-g-f-tjoernehaven","status":"publish","type":"page","link":"https:\/\/gfth.dk\/?page_id=55","title":{"rendered":"Nyt\/Aktuelt i Foreningen"},"content":{"rendered":"\t\t<div data-elementor-type=\"wp-post\" data-elementor-id=\"55\" class=\"elementor elementor-55\">\n\t\t\t\t\t\t\t\t\t<section class=\"elementor-section elementor-top-section elementor-element elementor-element-ccf8ba2 elementor-section-boxed elementor-section-height-default elementor-section-height-default wpr-particle-no wpr-jarallax-no wpr-parallax-no wpr-sticky-section-no\" data-id=\"ccf8ba2\" data-element_type=\"section\">\n\t\t\t\t\t\t<div class=\"elementor-container elementor-column-gap-default\">\n\t\t\t\t\t<div class=\"elementor-column elementor-col-100 elementor-top-column elementor-element elementor-element-7dd4708\" data-id=\"7dd4708\" data-element_type=\"column\">\n\t\t\t<div class=\"elementor-widget-wrap elementor-element-populated\">\n\t\t\t\t\t\t\t\t<div class=\"elementor-element elementor-element-f234703 elementor-widget elementor-widget-text-editor\" data-id=\"f234703\" data-element_type=\"widget\" data-widget_type=\"text-editor.default\">\n\t\t\t\t<div class=\"elementor-widget-container\">\n\t\t\t<style>\/*! elementor - v3.11.1 - 15-02-2023 *\/\n.elementor-widget-text-editor.elementor-drop-cap-view-stacked .elementor-drop-cap{background-color:#818a91;color:#fff}.elementor-widget-text-editor.elementor-drop-cap-view-framed .elementor-drop-cap{color:#818a91;border:3px solid;background-color:transparent}.elementor-widget-text-editor:not(.elementor-drop-cap-view-default) .elementor-drop-cap{margin-top:8px}.elementor-widget-text-editor:not(.elementor-drop-cap-view-default) .elementor-drop-cap-letter{width:1em;height:1em}.elementor-widget-text-editor .elementor-drop-cap{float:left;text-align:center;line-height:1;font-size:50px}.elementor-widget-text-editor .elementor-drop-cap-letter{display:inline-block}<\/style>\t\t\t\t<p><b>Renovering af vandledninger<\/b>:<\/p><p><em>Updatering d. 19 marts, 2026: <\/em><\/p><p>HTK Forsyning A\/S (HTK Vand A\/S) har afsluttet projektet med at renovere vores hoved- og stikledninger til alle ejendomme i foreningen.<\/p><p>Der var b\u00e5de uheld og forsinkelser (specielt i slutfasen) i forl\u00f8bet og under slut-gennemgangen blev der udpeget og p\u00e5talt forskellige fejl og mangler. Disse er for en stor del blevet udbedret, men det m\u00e5 poienteres at vi ikke er udelt tilfredse med &#8216;finishen&#8217; af specielt brol\u00e6ggerarbejdet.<\/p><p>Den nye asfalt som er lagt, er en forel\u00f8big asfalt, som har til form\u00e5l at &#8216;s\u00e6tte&#8217; sig og danne grundlag for det endelige lag asfalt. Det er s\u00e5ledes planlagt at et nyt og endeligt lag asfalt vil blive lagt &#8220;i l\u00f8bet af efter\u00e5ret&#8221; 2026.<\/p><p><span style=\"background-color: var(--wp--preset--color--background); color: var( --e-global-color-text ); font-family: var( --e-global-typography-text-font-family ), Sans-serif; font-size: var(--wp--preset--font-size--medium); font-weight: var( --e-global-typography-text-font-weight );\">&#8212;&#8212;&#8212;&#8212;&#8212;&#8211;<\/span><\/p>\t\t\t\t\t\t<\/div>\n\t\t\t\t<\/div>\n\t\t\t\t\t<\/div>\n\t\t<\/div>\n\t\t\t\t\t\t\t<\/div>\n\t\t<\/section>\n\t\t\t\t\t\t\t<\/div>\n\t\t","protected":false},"excerpt":{"rendered":"<p>Renovering af vandledninger: Updatering d. 19 marts, 2026: HTK Forsyning A\/S (HTK Vand A\/S) har afsluttet projektet med at renovere vores hoved- og stikledninger til alle ejendomme i foreningen. Der var b\u00e5de uheld og forsinkelser (specielt i slutfasen) i forl\u00f8bet og under slut-gennemgangen blev der udpeget og p\u00e5talt forskellige fejl og mangler. Disse er for [&hellip;]<\/p>\n","protected":false},"author":2,"featured_media":0,"parent":0,"menu_order":0,"comment_status":"closed","ping_status":"closed","template":"","meta":{"footnotes":""},"class_list":["post-55","page","type-page","status-publish","hentry"],"_links":{"self":[{"href":"https:\/\/gfth.dk\/index.php?rest_route=\/wp\/v2\/pages\/55","targetHints":{"allow":["GET"]}}],"collection":[{"href":"https:\/\/gfth.dk\/index.php?rest_route=\/wp\/v2\/pages"}],"about":[{"href":"https:\/\/gfth.dk\/index.php?rest_route=\/wp\/v2\/types\/page"}],"author":[{"embeddable":true,"href":"https:\/\/gfth.dk\/index.php?rest_route=\/wp\/v2\/users\/2"}],"replies":[{"embeddable":true,"href":"https:\/\/gfth.dk\/index.php?rest_route=%2Fwp%2Fv2%2Fcomments&post=55"}],"version-history":[{"count":66,"href":"https:\/\/gfth.dk\/index.php?rest_route=\/wp\/v2\/pages\/55\/revisions"}],"predecessor-version":[{"id":633,"href":"https:\/\/gfth.dk\/index.php?rest_route=\/wp\/v2\/pages\/55\/revisions\/633"}],"wp:attachment":[{"href":"https:\/\/gfth.dk\/index.php?rest_route=%2Fwp%2Fv2%2Fmedia&parent=55"}],"curies":[{"name":"wp","href":"https:\/\/api.w.org\/{rel}","templated":true}]}}