{"id":2,"date":"2022-04-05T10:30:44","date_gmt":"2022-04-05T08:30:44","guid":{"rendered":"https:\/\/gfth.dk\/?page_id=2"},"modified":"2026-03-20T10:56:35","modified_gmt":"2026-03-20T09:56:35","slug":"eksempel-side","status":"publish","type":"page","link":"https:\/\/gfth.dk\/?page_id=2","title":{"rendered":"Bestyrelsen"},"content":{"rendered":"\t\t<div data-elementor-type=\"wp-page\" data-elementor-id=\"2\" class=\"elementor elementor-2\">\n\t\t\t\t\t\t\t\t\t<section class=\"elementor-section elementor-top-section elementor-element elementor-element-5614d55e elementor-section-boxed elementor-section-height-default elementor-section-height-default wpr-particle-no wpr-jarallax-no wpr-parallax-no wpr-sticky-section-no\" data-id=\"5614d55e\" data-element_type=\"section\">\n\t\t\t\t\t\t<div class=\"elementor-container elementor-column-gap-default\">\n\t\t\t\t\t<div class=\"elementor-column elementor-col-100 elementor-top-column elementor-element elementor-element-15c47d3\" data-id=\"15c47d3\" data-element_type=\"column\">\n\t\t\t<div class=\"elementor-widget-wrap elementor-element-populated\">\n\t\t\t\t\t\t\t\t<div class=\"elementor-element elementor-element-1d9da1f8 elementor-widget elementor-widget-text-editor\" data-id=\"1d9da1f8\" data-element_type=\"widget\" data-widget_type=\"text-editor.default\">\n\t\t\t\t<div class=\"elementor-widget-container\">\n\t\t\t<style>\/*! elementor - v3.11.1 - 15-02-2023 *\/\n.elementor-widget-text-editor.elementor-drop-cap-view-stacked .elementor-drop-cap{background-color:#818a91;color:#fff}.elementor-widget-text-editor.elementor-drop-cap-view-framed .elementor-drop-cap{color:#818a91;border:3px solid;background-color:transparent}.elementor-widget-text-editor:not(.elementor-drop-cap-view-default) .elementor-drop-cap{margin-top:8px}.elementor-widget-text-editor:not(.elementor-drop-cap-view-default) .elementor-drop-cap-letter{width:1em;height:1em}.elementor-widget-text-editor .elementor-drop-cap{float:left;text-align:center;line-height:1;font-size:50px}.elementor-widget-text-editor .elementor-drop-cap-letter{display:inline-block}<\/style>\t\t\t\t<figure class=\"wp-block-image aligncenter size-large is-resized\"><img loading=\"lazy\" decoding=\"async\" class=\"wp-image-41 aligncenter\" style=\"width: 395px; height: 222px;\" src=\"https:\/\/gfth.dk\/wp-content\/uploads\/2022\/10\/bestyrelse960_260-1024x576.png\" alt=\"\" width=\"1024\" height=\"576\" srcset=\"https:\/\/gfth.dk\/wp-content\/uploads\/2022\/10\/bestyrelse960_260-1024x576.png 1024w, https:\/\/gfth.dk\/wp-content\/uploads\/2022\/10\/bestyrelse960_260-300x169.png 300w, https:\/\/gfth.dk\/wp-content\/uploads\/2022\/10\/bestyrelse960_260-768x432.png 768w, https:\/\/gfth.dk\/wp-content\/uploads\/2022\/10\/bestyrelse960_260.png 1360w\" sizes=\"auto, (max-width: 1024px) 100vw, 1024px\" \/><\/figure>\n<p><!-- \/wp:image --><\/p>\n<p><!-- wp:paragraph {\"backgroundColor\":\"pale-cyan-blue\"} --><\/p>\n<p class=\"has-pale-cyan-blue-background-color has-background\">Bestyrelsen v\u00e6lges af Generalforsamlingen i henhold til Grundejerforeningens vedt\u00e6gter. Den nuv\u00e6rende bestyrelse best\u00e5r af f\u00f8lgende:<\/p>\n<p><!-- \/wp:paragraph --><\/p>\n<p><!-- wp:quote {\"className\":\"is-style-plain\"} --><\/p>\n<blockquote class=\"wp-block-quote is-style-plain\">\n<p><!-- wp:paragraph --><\/p>\n<p>Formand:\u00a0 \u00a0 \u00a0 \u00a0 \u00a0 \u00a0 \u00a0 \u00a0 \u00a0 \u00a0 \u00a0 \u00a0<strong>Lars Bo Andreasen<\/strong><\/p>\n<p><!-- \/wp:paragraph --><\/p>\n<p><!-- wp:paragraph --><\/p>\n<p>Kasserer:\u00a0 \u00a0 \u00a0 \u00a0 \u00a0 \u00a0 \u00a0 \u00a0 \u00a0 \u00a0 \u00a0 \u00a0<strong>J\u00f8rn M\u00fcller<\/strong><\/p>\n<p><!-- \/wp:paragraph --><\/p>\n<p><!-- wp:paragraph --><\/p>\n<p>N\u00e6stformand:\u00a0 \u00a0 \u00a0 \u00a0 \u00a0 \u00a0 \u00a0\u00a0<strong>Nicolai J\u00e6gerfelt<\/strong><\/p>\n<p><!-- \/wp:paragraph --><\/p>\n<p><!-- wp:paragraph --><\/p>\n<p>Sekret\u00e6r:\u00a0 \u00a0 \u00a0 \u00a0 \u00a0 \u00a0 \u00a0 \u00a0 \u00a0 \u00a0 \u00a0 \u00a0<strong>Ole Madsen<\/strong><\/p>\n<p><!-- \/wp:paragraph --><\/p>\n<p><!-- wp:paragraph --><\/p>\n<p>Bestyrelsessupleant:\u00a0 \u00a0<strong>Finn Mogensen<\/strong><\/p>\n<p><!-- \/wp:paragraph --><\/p>\n<p><!-- wp:paragraph --><\/p>\n<p>Revisor:\u00a0 \u00a0 \u00a0 \u00a0 \u00a0 \u00a0 \u00a0 \u00a0 \u00a0 \u00a0 \u00a0 \u00a0 \u00a0\u00a0<strong>Lotte Bart<\/strong><\/p>\n<p><!-- \/wp:paragraph --><\/p>\n<p><!-- wp:paragraph --><\/p>\n<p>Revisorsuppleant:\u00a0 \u00a0 \u00a0 \u00a0\u00a0<strong>Michael Bart<\/strong><\/p>\n<p><!-- \/wp:paragraph --><\/p>\n<\/blockquote>\n<p><!-- \/wp:quote --><\/p>\n<p><!-- wp:paragraph --><\/p>\n<p>Bestyrelsen kan kontaktes p\u00e5 vores f\u00e6lles mail: bestyr.gfth (at) gmail.com<\/p>\n<p><!-- \/wp:paragraph --><\/p>\t\t\t\t\t\t<\/div>\n\t\t\t\t<\/div>\n\t\t\t\t\t<\/div>\n\t\t<\/div>\n\t\t\t\t\t\t\t<\/div>\n\t\t<\/section>\n\t\t\t\t\t\t\t<\/div>\n\t\t","protected":false},"excerpt":{"rendered":"<p>Bestyrelsen v\u00e6lges af Generalforsamlingen i henhold til Grundejerforeningens vedt\u00e6gter. Den nuv\u00e6rende bestyrelse best\u00e5r af f\u00f8lgende: Formand:\u00a0 \u00a0 \u00a0 \u00a0 \u00a0 \u00a0 \u00a0 \u00a0 \u00a0 \u00a0 \u00a0 \u00a0Lars Bo Andreasen Kasserer:\u00a0 \u00a0 \u00a0 \u00a0 \u00a0 \u00a0 \u00a0 \u00a0 \u00a0 \u00a0 \u00a0 \u00a0J\u00f8rn M\u00fcller N\u00e6stformand:\u00a0 \u00a0 \u00a0 \u00a0 \u00a0 \u00a0 \u00a0\u00a0Nicolai J\u00e6gerfelt Sekret\u00e6r:\u00a0 \u00a0 \u00a0 \u00a0 \u00a0 [&hellip;]<\/p>\n","protected":false},"author":2,"featured_media":0,"parent":0,"menu_order":0,"comment_status":"closed","ping_status":"open","template":"","meta":{"footnotes":""},"class_list":["post-2","page","type-page","status-publish","hentry"],"_links":{"self":[{"href":"https:\/\/gfth.dk\/index.php?rest_route=\/wp\/v2\/pages\/2","targetHints":{"allow":["GET"]}}],"collection":[{"href":"https:\/\/gfth.dk\/index.php?rest_route=\/wp\/v2\/pages"}],"about":[{"href":"https:\/\/gfth.dk\/index.php?rest_route=\/wp\/v2\/types\/page"}],"author":[{"embeddable":true,"href":"https:\/\/gfth.dk\/index.php?rest_route=\/wp\/v2\/users\/2"}],"replies":[{"embeddable":true,"href":"https:\/\/gfth.dk\/index.php?rest_route=%2Fwp%2Fv2%2Fcomments&post=2"}],"version-history":[{"count":30,"href":"https:\/\/gfth.dk\/index.php?rest_route=\/wp\/v2\/pages\/2\/revisions"}],"predecessor-version":[{"id":627,"href":"https:\/\/gfth.dk\/index.php?rest_route=\/wp\/v2\/pages\/2\/revisions\/627"}],"wp:attachment":[{"href":"https:\/\/gfth.dk\/index.php?rest_route=%2Fwp%2Fv2%2Fmedia&parent=2"}],"curies":[{"name":"wp","href":"https:\/\/api.w.org\/{rel}","templated":true}]}}