{"id":17,"date":"2022-04-09T14:09:16","date_gmt":"2022-04-09T12:09:16","guid":{"rendered":"https:\/\/gfth.dk\/?page_id=17"},"modified":"2026-03-20T11:27:30","modified_gmt":"2026-03-20T10:27:30","slug":"omraadet","status":"publish","type":"page","link":"https:\/\/gfth.dk\/?page_id=17","title":{"rendered":"Generelt"},"content":{"rendered":"\t\t<div data-elementor-type=\"wp-page\" data-elementor-id=\"17\" class=\"elementor elementor-17\">\n\t\t\t\t\t\t\t\t\t<section class=\"elementor-section elementor-top-section elementor-element elementor-element-23e15dc2 elementor-section-boxed elementor-section-height-default elementor-section-height-default wpr-particle-no wpr-jarallax-no wpr-parallax-no wpr-sticky-section-no\" data-id=\"23e15dc2\" data-element_type=\"section\">\n\t\t\t\t\t\t<div class=\"elementor-container elementor-column-gap-default\">\n\t\t\t\t\t<div class=\"elementor-column elementor-col-100 elementor-top-column elementor-element elementor-element-4d6e0475\" data-id=\"4d6e0475\" data-element_type=\"column\">\n\t\t\t<div class=\"elementor-widget-wrap elementor-element-populated\">\n\t\t\t\t\t\t\t\t<div class=\"elementor-element elementor-element-708d1eb3 elementor-widget elementor-widget-text-editor\" data-id=\"708d1eb3\" data-element_type=\"widget\" data-widget_type=\"text-editor.default\">\n\t\t\t\t<div class=\"elementor-widget-container\">\n\t\t\t<style>\/*! elementor - v3.11.1 - 15-02-2023 *\/\n.elementor-widget-text-editor.elementor-drop-cap-view-stacked .elementor-drop-cap{background-color:#818a91;color:#fff}.elementor-widget-text-editor.elementor-drop-cap-view-framed .elementor-drop-cap{color:#818a91;border:3px solid;background-color:transparent}.elementor-widget-text-editor:not(.elementor-drop-cap-view-default) .elementor-drop-cap{margin-top:8px}.elementor-widget-text-editor:not(.elementor-drop-cap-view-default) .elementor-drop-cap-letter{width:1em;height:1em}.elementor-widget-text-editor .elementor-drop-cap{float:left;text-align:center;line-height:1;font-size:50px}.elementor-widget-text-editor .elementor-drop-cap-letter{display:inline-block}<\/style>\t\t\t\t<p>Grundejerforeningen best\u00e5r af 39 r\u00e6kkehuse.<br \/>Vi er et privat omr\u00e5de og vedligeholdelse af veje,<br \/>fortove, beplantninger, arealer m.v. p\u00e5hviler os selv.<br \/><br \/><strong>Velkommen<\/strong>:<br \/>Vi \u00f8nsker at im\u00f8dekomme alle nye beboere med et kort bes\u00f8g for at byde dem velkommen i bebyggelsen og for at besvare eventuelle sp\u00f8rgsm\u00e5l de m\u00e5tte have.<br \/>Her udleveres ogs\u00e5 en lille folder som kort beskriver en masse praktisk information som man kunne have nytte af. <br \/>Ogs\u00e5 &#8216;gamle&#8217; beboere kunne m\u00e5ske have gl\u00e6de af denne folder som kan downloades <a href=\"https:\/\/gfth.dk\/wp-content\/uploads\/2025\/02\/Velkommen-til-Tjornehaven-2025.pdf\" target=\"_blank\" rel=\"noreferrer noopener\"><em><strong>her<\/strong><\/em>.<\/a><br \/><br \/><strong>Information fra bestyrelsen<\/strong>:<br \/>Indkaldelser til generalforsamling, referater og anden vigtig information udsendes fra bestyrelsen via email til de enkelte beboere. Send derfor venligst en email til bestyr.gfth (at) gmail.com med information om navn og husnummer.<br \/>Bem\u00e6rk: Foreningens <a href=\"https:\/\/www.facebook.com\/groups\/1865648513715458\/\" target=\"_blank\" rel=\"noreferrer noopener\"><em><strong>Facebook<\/strong> <\/em><\/a>side er prim\u00e6rt et socialt m\u00f8dested beboerne imellem.<\/p>\n<p><!-- \/wp:paragraph --><\/p>\n<p><!-- wp:paragraph --><\/p>\n<p><strong>Opkr\u00e6vning af kontingent til Grundejerforeningen<\/strong>:<br \/>Normalt modtager bestyrelsen information s\u00e5ledes at betalingsanmodning kan fremsendes.\u00a0<br \/>I tilf\u00e6lde af at dette ikke er tilf\u00e6ldet skal man sikre at n\u00f8dvendig data tilg\u00e5r bestyrelsen (kassereren) hurtigst muligt s\u00e5ledes at betaling kan ske regelm\u00e6ssigt og automatisk.<br \/>Information sendes til: <em>bestyr.gfth (at) gmail.com<\/em>\u00a0<\/p>\n<p><strong>F\u00e6llesarealer og Legeplads:<\/strong><\/p>\n<p><img loading=\"lazy\" decoding=\"async\" class=\"aligncenter wp-image-360 \" src=\"https:\/\/gfth.dk\/wp-content\/uploads\/2025\/03\/Legeplads-300x137.jpg\" alt=\"\" width=\"353\" height=\"161\" srcset=\"https:\/\/gfth.dk\/wp-content\/uploads\/2025\/03\/Legeplads-300x137.jpg 300w, https:\/\/gfth.dk\/wp-content\/uploads\/2025\/03\/Legeplads-1024x467.jpg 1024w, https:\/\/gfth.dk\/wp-content\/uploads\/2025\/03\/Legeplads-768x350.jpg 768w, https:\/\/gfth.dk\/wp-content\/uploads\/2025\/03\/Legeplads-1536x700.jpg 1536w, https:\/\/gfth.dk\/wp-content\/uploads\/2025\/03\/Legeplads-2048x933.jpg 2048w\" sizes=\"auto, (max-width: 353px) 100vw, 353px\" \/><b><br \/><\/b>Arealerne er til alles benyttelse, v\u00e6rn derfor om disse.<br \/>Legepladsen, som er til stor gl\u00e6de for omr\u00e5des b\u00f8rn, er opf\u00f8rt i 2020 og overholder de g\u00e6ldende regler p\u00e5 omr\u00e5det.<br \/>En ekstern gartner vedligeholder j\u00e6vnligt gr\u00e6s, h\u00e6kke og beplantning.<br \/>Undg\u00e5 affald p\u00e5 omr\u00e5derne, og sk\u00e5n i\u00f8vrigt beplantningerne.<\/p>\n<p><!-- \/wp:paragraph --><\/p>\n<p><!-- wp:paragraph --><\/p>\n<p><strong>Parkering<\/strong>:<br \/>Parkering i foreningen er forbeholdt alle foreningens beboere og andre der har et \u00e6rinde i omr\u00e5det. Dette kan ske p\u00e5 parkeringsarealet over for parcellerne, men i\u00f8vrigt er der ingen faste parkeringspladser i foreningen, hvilket betyder at ejere og bes\u00f8gende i foreningen frit kan parkere p\u00e5 de ledige parkeringspladser. <br \/>Af gode grunde m\u00e5 der ikke parkeres p\u00e5 fortove og vendepladser.<br \/>Oplys ogs\u00e5 dine g\u00e6ster om dette. <br \/>Ved indk\u00f8rsler til parkering p\u00e5 egen grund, skal der laves en skr\u00e5 asfaltopk\u00f8rsel for at beskytte kantstenen ved vejen.<br \/><br \/><strong>Skur<\/strong>:<br \/>Her opbevares lidt haveredskaber, trilleb\u00f8r, stiger m.v. Disse ting kan benyttes af alle. Husk at returnere tingene efter brug s\u00e5ledes at andre kan f\u00e5 gl\u00e6de af dem ogs\u00e5. Affald eller andre effekter m\u00e5 ikke henl\u00e6gges i eller ved skuret.<\/p>\n<p><!-- \/wp:paragraph --><\/p>\n<p><!-- wp:paragraph --><\/p>\n<p><strong>Affald<\/strong>:<br \/>Hvert enkelt bolig har 3 eller 4 affaldsbeholdere for affaldssortering. Disse bliver t\u00f8mt med j\u00e6vne mellemrum.<\/p>\n<p>En kalenderoversigt for afhentning her i foreningen kan downloades <strong><em><a href=\"https:\/\/gfth.dk\/wp-content\/uploads\/2026\/02\/Afhentning-af-affald-2026.pdf\" target=\"_blank\" rel=\"noopener\">her<\/a><\/em><\/strong>.<\/p>\n<p>Stort affald kan afleveres p\u00e5 Genbrugsstationen, Lervangen 1-3,<br \/>eller man kan benytte kommunens regelm\u00e6ssige afhentning af<br \/>stort affald og haveaffald. <br \/>Information omkring husholdningsaffald kan findes her:<br \/><strong><em><a href=\"https:\/\/www.htk.dk\/om-kommunen\/presserum\/nyheder\/scan-dig-til-nemmere-affaldssortering\" target=\"_blank\" rel=\"noreferrer noopener\">https:\/\/www.htk.dk\/borger\/bolig-byggeri-og-veje\/husholdningsaffald <\/a><\/em><\/strong><br \/>H\u00f8je Taastrup kommune anbefaler at installere <strong><a href=\"https:\/\/www.htk.dk\/om-kommunen\/presserum\/nyheder\/scan-dig-til-nemmere-affaldssortering\" target=\"_blank\" rel=\"noreferrer noopener\" data-type=\"link\" data-id=\"https:\/\/perfectwaste.dk\/\"><em>Perfect Waste<\/em> <\/a><\/strong> appen for en detaljeret afhentningsplan for netop din bolig.<br \/>Denne App kan ogs\u00e5 informere omkring affaldssortering p\u00e5 tusindvis af typer affald.<br \/><br \/><strong>K\u00f8rsel<\/strong>:<br \/>Der er mange b\u00f8rn i omr\u00e5det. <strong>K\u00f8r langsomt<\/strong> og hensynsfuldt, s\u00e5 vi undg\u00e5r ulykker og farlige situationer. Oplys ogs\u00e5 gerne dette til jeres bes\u00f8gende.<\/p>\n<p><!-- \/wp:paragraph --><\/p>\n<p><!-- wp:paragraph --><\/p>\n<p><strong>TV &#8211; Internet<\/strong>:<br \/>Vi har f\u00e6llesantenne anl\u00e6g i hele foreningen. YouSee leverer TV-og internet signaler via antennestikket til hver enkelt husstand. YouSee TV Grundpakken betales gennem f\u00e6llesudgifterne. Evt udvidelse\/tilk\u00f8b af tv-pakker, internet og lign. k\u00f8bes og betales separat til YouSee. <br \/>Evt opsigelse af YouSee TV-Grundpakken foreg\u00e5r via bestyrelsen. <br \/>Der m\u00e5 ikke ops\u00e6ttes udvendige antenner eller paraboler.<\/p>\n<p><!-- \/wp:paragraph --><\/p>\n<p><!-- wp:paragraph --><\/p>\n<p><strong>Internet Fiber<\/strong>:<br \/>TDC NET har nedgravet fibernet rundt i foreningen, og mange har ogs\u00e5 f\u00e5et installeret og tilsluttet en fiberboks i huset (typisk i bryggers).<br \/>Man bestemmer selv om og hvorn\u00e5r man \u00f8nsker at tage tilslutningen i brug, og man kan frit v\u00e6lge den udbyder man \u00f8nsker at k\u00f8be abonnement hos.<\/p>\n<p><!-- \/wp:paragraph --><\/p>\n<p><!-- wp:paragraph --><\/p>\n<p><strong>Nabohj\u00e6lp<\/strong>:<br \/>Dette praktiseres i vid udstr\u00e6kning. Fort\u00e6l din nabo, hvis du er bortrejst, og observer om der foreg\u00e5r unormale ting i omr\u00e5det.<br \/>Denne hj\u00e6lp kan komme alle til gode. V\u00e6r evt til hj\u00e6lp ved at t\u00f8mme postkasse og benytte affaldsbeholderne. Dette vil medvirke til at der ser beboet ud.<\/p>\n<p><!-- \/wp:paragraph --><\/p>\n<p><!-- wp:paragraph --><\/p>\n<p><strong>Snerydning<\/strong>:<br \/><img loading=\"lazy\" decoding=\"async\" class=\"wp-image-447 aligncenter\" src=\"https:\/\/gfth.dk\/wp-content\/uploads\/2026\/02\/IMG_0748-scaled-e1771537079441-300x110.jpg\" alt=\"\" width=\"412\" height=\"151\" srcset=\"https:\/\/gfth.dk\/wp-content\/uploads\/2026\/02\/IMG_0748-scaled-e1771537079441-300x110.jpg 300w, https:\/\/gfth.dk\/wp-content\/uploads\/2026\/02\/IMG_0748-scaled-e1771537079441-1024x376.jpg 1024w, https:\/\/gfth.dk\/wp-content\/uploads\/2026\/02\/IMG_0748-scaled-e1771537079441-768x282.jpg 768w, https:\/\/gfth.dk\/wp-content\/uploads\/2026\/02\/IMG_0748-scaled-e1771537079441-1536x564.jpg 1536w, https:\/\/gfth.dk\/wp-content\/uploads\/2026\/02\/IMG_0748-scaled-e1771537079441-2048x752.jpg 2048w\" sizes=\"auto, (max-width: 412px) 100vw, 412px\" \/>Vi har en ekstern gartner som rydder vores fortove i tilf\u00e6lde af snefald. Det er dog altid den enkelte ejers ansvar at fortovet er gangbart og sikkert at f\u00e6rdes p\u00e5. Vejene skal v\u00e6re ryddede, s\u00e5 passage er mulig p\u00e5 sikker m\u00e5de.<br \/><br \/><strong>Bygninger<\/strong>:<br \/><img loading=\"lazy\" decoding=\"async\" class=\"wp-image-452 aligncenter\" src=\"https:\/\/gfth.dk\/wp-content\/uploads\/2026\/02\/IMG_7151-scaled-e1771536999820-300x122.jpg\" alt=\"\" width=\"398\" height=\"162\" srcset=\"https:\/\/gfth.dk\/wp-content\/uploads\/2026\/02\/IMG_7151-scaled-e1771536999820-300x122.jpg 300w, https:\/\/gfth.dk\/wp-content\/uploads\/2026\/02\/IMG_7151-scaled-e1771536999820-1024x418.jpg 1024w, https:\/\/gfth.dk\/wp-content\/uploads\/2026\/02\/IMG_7151-scaled-e1771536999820-768x314.jpg 768w, https:\/\/gfth.dk\/wp-content\/uploads\/2026\/02\/IMG_7151-scaled-e1771536999820-1536x627.jpg 1536w, https:\/\/gfth.dk\/wp-content\/uploads\/2026\/02\/IMG_7151-scaled-e1771536999820-2048x836.jpg 2048w\" sizes=\"auto, (max-width: 398px) 100vw, 398px\" \/>Tage skal forblive sorte og skal efter evt. reparation, efterbehandling eller udskiftning fremtr\u00e6de sorte.<br \/>Gennemg\u00e5ende betonfacader og udh\u00e6ng skal holdes i hvid.<br \/>Sternbr\u00e6dder og stolper p\u00e5 udbygninger, carport og skur skal holdes i sort. Endegavle skal ligeledes holdes i sort. \u00d8vrige husfacader skal holdes i sorte, brune eller gr\u00e5 nuancer. Ved planer om \u00e6ndringer kontakt da bestyrelsen s\u00e5 misforst\u00e5elser undg\u00e5s.<\/p>\n<p><!-- \/wp:paragraph --><\/p>\n<p><!-- wp:paragraph --><\/p>\n<p><strong>Skur, carport og tilbygning<\/strong>:<br \/>Opf\u00f8ring af skur og carport samt udbygning af stuen m\u00e5 kun udf\u00f8res if\u00f8lge de tinglyste og godkendte tegninger. <br \/><br \/>Tegninger og vigtig information for skur\/carport og tilbygning til stuen kan downloades herunder &#8230; alternativt kan disse udleveres af bestyrelsen.<br \/><br \/><span style=\"text-decoration: underline;\">Skur \/ Carport:<br \/><\/span> <em><a href=\"https:\/\/gfth.dk\/wp-content\/uploads\/2025\/02\/Carport-information.pdf\" target=\"_blank\" rel=\"noreferrer noopener\">Carport <\/a><\/em><a href=\"https:\/\/gfth.dk\/wp-content\/uploads\/2025\/02\/Carport-information.pdf\" target=\"_blank\" rel=\"noreferrer noopener\"><em>Information<\/em><\/a><br \/><em><a href=\"https:\/\/gfth.dk\/wp-content\/uploads\/2025\/02\/Skur-Carport-tegninger.pdf\" target=\"_blank\" rel=\"noreferrer noopener\">Tegninger<\/a><\/em><br \/><br \/><span style=\"text-decoration: underline;\">Tilbygning<strong>:<\/strong><br \/><\/span> <em><a href=\"https:\/\/gfth.dk\/wp-content\/uploads\/2025\/02\/Tilbygning-Ibrugtagningstilladelse.pdf\" target=\"_blank\" rel=\"noreferrer noopener\">Eksempel <\/a><\/em><a href=\"https:\/\/gfth.dk\/wp-content\/uploads\/2025\/02\/Tilbygning-Ibrugtagningstilladelse.pdf\" target=\"_blank\" rel=\"noreferrer noopener\"><em>for &#8216;Ibrugtagningstilladelse&#8217;<\/em><br \/><\/a> <em><a href=\"https:\/\/gfth.dk\/wp-content\/uploads\/2025\/02\/Tilbygning-Tegning.pdf\" target=\"_blank\" rel=\"noreferrer noopener\">Tilbygning <\/a><\/em><a href=\"https:\/\/gfth.dk\/wp-content\/uploads\/2025\/02\/Tilbygning-Tegning.pdf\" target=\"_blank\" rel=\"noreferrer noopener\"><em>Tegninger<\/em><\/a><br \/><br \/>Kontakt bestyrelsen for evt sp\u00f8rgsm\u00e5l &#8230; hellere en gang for meget end en gang for lidt \ud83d\ude42 .<\/p>\n<p><!-- \/wp:paragraph --><\/p>\n<p><!-- wp:paragraph --><\/p>\n<p><!-- \/wp:paragraph --><\/p>\n<p><!-- wp:paragraph --><\/p>\n<p>\u00a0<\/p>\n<p><!-- \/wp:paragraph --><\/p>\t\t\t\t\t\t<\/div>\n\t\t\t\t<\/div>\n\t\t\t\t\t<\/div>\n\t\t<\/div>\n\t\t\t\t\t\t\t<\/div>\n\t\t<\/section>\n\t\t\t\t\t\t\t<\/div>\n\t\t","protected":false},"excerpt":{"rendered":"<p>Grundejerforeningen best\u00e5r af 39 r\u00e6kkehuse.Vi er et privat omr\u00e5de og vedligeholdelse af veje,fortove, beplantninger, arealer m.v. p\u00e5hviler os selv. Velkommen:Vi \u00f8nsker at im\u00f8dekomme alle nye beboere med et kort bes\u00f8g for at byde dem velkommen i bebyggelsen og for at besvare eventuelle sp\u00f8rgsm\u00e5l de m\u00e5tte have.Her udleveres ogs\u00e5 en lille folder som kort beskriver en [&hellip;]<\/p>\n","protected":false},"author":2,"featured_media":0,"parent":0,"menu_order":0,"comment_status":"closed","ping_status":"closed","template":"","meta":{"footnotes":""},"class_list":["post-17","page","type-page","status-publish","hentry"],"_links":{"self":[{"href":"https:\/\/gfth.dk\/index.php?rest_route=\/wp\/v2\/pages\/17","targetHints":{"allow":["GET"]}}],"collection":[{"href":"https:\/\/gfth.dk\/index.php?rest_route=\/wp\/v2\/pages"}],"about":[{"href":"https:\/\/gfth.dk\/index.php?rest_route=\/wp\/v2\/types\/page"}],"author":[{"embeddable":true,"href":"https:\/\/gfth.dk\/index.php?rest_route=\/wp\/v2\/users\/2"}],"replies":[{"embeddable":true,"href":"https:\/\/gfth.dk\/index.php?rest_route=%2Fwp%2Fv2%2Fcomments&post=17"}],"version-history":[{"count":131,"href":"https:\/\/gfth.dk\/index.php?rest_route=\/wp\/v2\/pages\/17\/revisions"}],"predecessor-version":[{"id":645,"href":"https:\/\/gfth.dk\/index.php?rest_route=\/wp\/v2\/pages\/17\/revisions\/645"}],"wp:attachment":[{"href":"https:\/\/gfth.dk\/index.php?rest_route=%2Fwp%2Fv2%2Fmedia&parent=17"}],"curies":[{"name":"wp","href":"https:\/\/api.w.org\/{rel}","templated":true}]}}